{"id":427,"date":"2022-08-24T23:12:25","date_gmt":"2022-08-24T15:12:25","guid":{"rendered":"https:\/\/sanmingcrucible.com\/?post_type=product&#038;p=427"},"modified":"2022-12-02T23:50:17","modified_gmt":"2022-12-02T15:50:17","slug":"factory-high-quality-clay-crucible-for-melting-glass","status":"publish","type":"product","link":"https:\/\/sanmingcrucible.com\/vi\/san-pham\/nha-may-chat-luong-cao-noi-dat-set-cho-nung-thuy-tinh\/","title":{"rendered":"Nh\u00e0 m\u00e1y N\u1ed3i n\u1ea5u b\u1eb1ng \u0111\u1ea5t s\u00e9t ch\u1ea5t l\u01b0\u1ee3ng cao cho th\u1ee7y tinh n\u00f3ng ch\u1ea3y"},"content":{"rendered":"","protected":false},"excerpt":{"rendered":"<h6>M\u00f4 t\u1ea3 S\u1ea3n ph\u1ea9m<\/h6>\n<p>1.L\u00e0m th\u1ee7 c\u00f4ng.<br \/>\n2. V\u1eadt li\u1ec7u ch\u1ecbu nhi\u1ec7t \u1edf nhi\u1ec7t \u0111\u1ed9 cao, nhi\u1ec7t \u0111\u1ed9 l\u00f5i c\u00f3 th\u1ec3 \u0111\u1ea1t t\u1edbi 1550 \u0111\u1ed9.<br \/>\n3. Khuy\u00ean d\u00f9ng cho k\u00ednh pha l\u00ea ch\u00ec, k\u00ednh soda-lime, k\u00ednh m\u00e0u, k\u00ednh opal, k\u00ednh borosilicate\u2026<\/p>\n<h6>T\u00ednh n\u0103ng s\u1ea3n ph\u1ea9m<\/h6>\n<p>1. \u0110\u1ed9 tinh khi\u1ebft cao v\u00e0 h\u00e0m l\u01b0\u1ee3ng s\u1eaft th\u1ea5p, \u0111\u1ea3m b\u1ea3o \u0111\u1ed9 tinh khi\u1ebft c\u1ee7a v\u1eadt li\u1ec7u trong qu\u00e1 tr\u00ecnh n\u00f3ng ch\u1ea3y.<br \/>\n2. Kh\u00f4ng d\u1ec5 bi\u1ebfn d\u1ea1ng.<br \/>\n3. Kh\u00f4ng d\u1ec5 b\u1ebb kh\u00f3a.<br \/>\n4. Ch\u1ed1ng x\u00f3i m\u00f2n k\u00ednh, k\u00e9o d\u00e0i tu\u1ed5i th\u1ecd c\u1ee7a ch\u00e9n nung.<\/p>\n<p>Ch\u1eadu \u0111\u1ea5t s\u00e9t c\u1ee7a ch\u00fang t\u00f4i \u0111\u01b0\u1ee3c xu\u1ea5t kh\u1ea9u sang h\u01a1n 20 qu\u1ed1c gia nh\u01b0 \u0110\u1ee9c, Janpan, Anh, M\u1ef9\u2026<\/p>","protected":false},"featured_media":1597,"template":"","meta":[],"product_brand":[],"product_cat":[18],"product_tag":[35,72,36,73,34],"class_list":{"0":"post-427","1":"product","2":"type-product","3":"status-publish","4":"has-post-thumbnail","6":"product_cat-crucibles-for-glass-melting","7":"product_tag-glass-furnace-crucible","8":"product_tag-glass-melting-crucibles","9":"product_tag-glass-melting-pot","10":"product_tag-glass-pots","11":"product_tag-melting-glass-crucibles","13":"first","14":"instock","15":"shipping-taxable","16":"product-type-simple"},"yoast_head":"<!-- This site is optimized with the Yoast SEO plugin v25.6 - https:\/\/yoast.com\/wordpress\/plugins\/seo\/ -->\n<title>Factory High Quality Clay Crucible For Melting Glass - Deqing Sanming Crucible Co.,Ltd<\/title>\n<meta name=\"description\" content=\"Sanming glass melting crucibles have thermal shock resistance, corrosion resistance, can improving the purity of the glass material and prolonging the service life of the crucible.\" \/>\n<meta name=\"robots\" content=\"index, follow, max-snippet:-1, max-image-preview:large, max-video-preview:-1\" \/>\n<link rel=\"canonical\" href=\"https:\/\/sanmingcrucible.com\/vi\/producto\/factory-high-quality-clay-crucible-for-melting-glass\/\" \/>\n<meta property=\"og:locale\" content=\"vi_VN\" \/>\n<meta property=\"og:type\" content=\"article\" \/>\n<meta property=\"og:title\" content=\"Factory High Quality Clay Crucible For Melting Glass - Deqing Sanming Crucible Co.,Ltd\" \/>\n<meta property=\"og:description\" content=\"Sanming glass melting crucibles have thermal shock resistance, corrosion resistance, can improving the purity of the glass material and prolonging the service life of the crucible.\" \/>\n<meta property=\"og:url\" content=\"https:\/\/sanmingcrucible.com\/vi\/producto\/factory-high-quality-clay-crucible-for-melting-glass\/\" \/>\n<meta property=\"og:site_name\" content=\"Deqing Sanming Crucible Co.,Ltd\" \/>\n<meta property=\"article:modified_time\" content=\"2022-12-02T15:50:17+00:00\" \/>\n<meta property=\"og:image\" content=\"https:\/\/sanmingcrucible.com\/wp-content\/uploads\/2022\/08\/closed-crucible1.webp\" \/>\n\t<meta property=\"og:image:width\" content=\"1000\" \/>\n\t<meta property=\"og:image:height\" content=\"1000\" \/>\n\t<meta property=\"og:image:type\" content=\"image\/webp\" \/>\n<meta name=\"twitter:card\" content=\"summary_large_image\" \/>\n<script type=\"application\/ld+json\" class=\"yoast-schema-graph\">{\"@context\":\"https:\/\/schema.org\",\"@graph\":[{\"@type\":\"WebPage\",\"@id\":\"https:\/\/sanmingcrucible.com\/es\/producto\/factory-high-quality-clay-crucible-for-melting-glass\/\",\"url\":\"https:\/\/sanmingcrucible.com\/es\/producto\/factory-high-quality-clay-crucible-for-melting-glass\/\",\"name\":\"Factory High Quality Clay Crucible For Melting Glass - Deqing Sanming Crucible Co.,Ltd\",\"isPartOf\":{\"@id\":\"https:\/\/sanmingcrucible.com\/#website\"},\"primaryImageOfPage\":{\"@id\":\"https:\/\/sanmingcrucible.com\/es\/producto\/factory-high-quality-clay-crucible-for-melting-glass\/#primaryimage\"},\"image\":{\"@id\":\"https:\/\/sanmingcrucible.com\/es\/producto\/factory-high-quality-clay-crucible-for-melting-glass\/#primaryimage\"},\"thumbnailUrl\":\"https:\/\/sanmingcrucible.com\/wp-content\/uploads\/2022\/08\/closed-crucible1.webp\",\"datePublished\":\"2022-08-24T15:12:25+00:00\",\"dateModified\":\"2022-12-02T15:50:17+00:00\",\"description\":\"Sanming glass melting crucibles have thermal shock resistance, corrosion resistance, can improving the purity of the glass material and prolonging the service life of the crucible.\",\"breadcrumb\":{\"@id\":\"https:\/\/sanmingcrucible.com\/es\/producto\/factory-high-quality-clay-crucible-for-melting-glass\/#breadcrumb\"},\"inLanguage\":\"vi\",\"potentialAction\":[{\"@type\":\"ReadAction\",\"target\":[\"https:\/\/sanmingcrucible.com\/es\/producto\/factory-high-quality-clay-crucible-for-melting-glass\/\"]}]},{\"@type\":\"ImageObject\",\"inLanguage\":\"vi\",\"@id\":\"https:\/\/sanmingcrucible.com\/es\/producto\/factory-high-quality-clay-crucible-for-melting-glass\/#primaryimage\",\"url\":\"https:\/\/sanmingcrucible.com\/wp-content\/uploads\/2022\/08\/closed-crucible1.webp\",\"contentUrl\":\"https:\/\/sanmingcrucible.com\/wp-content\/uploads\/2022\/08\/closed-crucible1.webp\",\"width\":1000,\"height\":1000,\"caption\":\"Glass Melting Crucibles\"},{\"@type\":\"BreadcrumbList\",\"@id\":\"https:\/\/sanmingcrucible.com\/es\/producto\/factory-high-quality-clay-crucible-for-melting-glass\/#breadcrumb\",\"itemListElement\":[{\"@type\":\"ListItem\",\"position\":1,\"name\":\"\u9996\u9875\",\"item\":\"https:\/\/sanmingcrucible.com\/\"},{\"@type\":\"ListItem\",\"position\":2,\"name\":\"Products\",\"item\":\"https:\/\/sanmingcrucible.com\/products-2\/\"},{\"@type\":\"ListItem\",\"position\":3,\"name\":\"Factory High Quality Clay Crucible For Melting Glass\"}]},{\"@type\":\"WebSite\",\"@id\":\"https:\/\/sanmingcrucible.com\/#website\",\"url\":\"https:\/\/sanmingcrucible.com\/\",\"name\":\"Deqing Sanming Crucible Co.,Ltd\",\"description\":\"\",\"publisher\":{\"@id\":\"https:\/\/sanmingcrucible.com\/#organization\"},\"potentialAction\":[{\"@type\":\"SearchAction\",\"target\":{\"@type\":\"EntryPoint\",\"urlTemplate\":\"https:\/\/sanmingcrucible.com\/?s={search_term_string}\"},\"query-input\":{\"@type\":\"PropertyValueSpecification\",\"valueRequired\":true,\"valueName\":\"search_term_string\"}}],\"inLanguage\":\"vi\"},{\"@type\":\"Organization\",\"@id\":\"https:\/\/sanmingcrucible.com\/#organization\",\"name\":\"Deqing Sanming Crucible Co.,Ltd\",\"url\":\"https:\/\/sanmingcrucible.com\/\",\"logo\":{\"@type\":\"ImageObject\",\"inLanguage\":\"vi\",\"@id\":\"https:\/\/sanmingcrucible.com\/#\/schema\/logo\/image\/\",\"url\":\"https:\/\/sanmingcrucible.com\/wp-content\/uploads\/2022\/11\/logo.png\",\"contentUrl\":\"https:\/\/sanmingcrucible.com\/wp-content\/uploads\/2022\/11\/logo.png\",\"width\":312,\"height\":158,\"caption\":\"Deqing Sanming Crucible Co.,Ltd\"},\"image\":{\"@id\":\"https:\/\/sanmingcrucible.com\/#\/schema\/logo\/image\/\"}}]}<\/script>\n<!-- \/ Yoast SEO plugin. -->","yoast_head_json":{"title":"Factory High Quality Clay Crucible For Melting Glass - Deqing Sanming Crucible Co.,Ltd","description":"Sanming glass melting crucibles have thermal shock resistance, corrosion resistance, can improving the purity of the glass material and prolonging the service life of the crucible.","robots":{"index":"index","follow":"follow","max-snippet":"max-snippet:-1","max-image-preview":"max-image-preview:large","max-video-preview":"max-video-preview:-1"},"canonical":"https:\/\/sanmingcrucible.com\/vi\/producto\/factory-high-quality-clay-crucible-for-melting-glass\/","og_locale":"vi_VN","og_type":"article","og_title":"Factory High Quality Clay Crucible For Melting Glass - Deqing Sanming Crucible Co.,Ltd","og_description":"Sanming glass melting crucibles have thermal shock resistance, corrosion resistance, can improving the purity of the glass material and prolonging the service life of the crucible.","og_url":"https:\/\/sanmingcrucible.com\/vi\/producto\/factory-high-quality-clay-crucible-for-melting-glass\/","og_site_name":"Deqing Sanming Crucible Co.,Ltd","article_modified_time":"2022-12-02T15:50:17+00:00","og_image":[{"width":1000,"height":1000,"url":"https:\/\/sanmingcrucible.com\/wp-content\/uploads\/2022\/08\/closed-crucible1.webp","type":"image\/webp"}],"twitter_card":"summary_large_image","schema":{"@context":"https:\/\/schema.org","@graph":[{"@type":"WebPage","@id":"https:\/\/sanmingcrucible.com\/es\/producto\/factory-high-quality-clay-crucible-for-melting-glass\/","url":"https:\/\/sanmingcrucible.com\/es\/producto\/factory-high-quality-clay-crucible-for-melting-glass\/","name":"Factory High Quality Clay Crucible For Melting Glass - Deqing Sanming Crucible Co.,Ltd","isPartOf":{"@id":"https:\/\/sanmingcrucible.com\/#website"},"primaryImageOfPage":{"@id":"https:\/\/sanmingcrucible.com\/es\/producto\/factory-high-quality-clay-crucible-for-melting-glass\/#primaryimage"},"image":{"@id":"https:\/\/sanmingcrucible.com\/es\/producto\/factory-high-quality-clay-crucible-for-melting-glass\/#primaryimage"},"thumbnailUrl":"https:\/\/sanmingcrucible.com\/wp-content\/uploads\/2022\/08\/closed-crucible1.webp","datePublished":"2022-08-24T15:12:25+00:00","dateModified":"2022-12-02T15:50:17+00:00","description":"Sanming glass melting crucibles have thermal shock resistance, corrosion resistance, can improving the purity of the glass material and prolonging the service life of the crucible.","breadcrumb":{"@id":"https:\/\/sanmingcrucible.com\/es\/producto\/factory-high-quality-clay-crucible-for-melting-glass\/#breadcrumb"},"inLanguage":"vi","potentialAction":[{"@type":"ReadAction","target":["https:\/\/sanmingcrucible.com\/es\/producto\/factory-high-quality-clay-crucible-for-melting-glass\/"]}]},{"@type":"ImageObject","inLanguage":"vi","@id":"https:\/\/sanmingcrucible.com\/es\/producto\/factory-high-quality-clay-crucible-for-melting-glass\/#primaryimage","url":"https:\/\/sanmingcrucible.com\/wp-content\/uploads\/2022\/08\/closed-crucible1.webp","contentUrl":"https:\/\/sanmingcrucible.com\/wp-content\/uploads\/2022\/08\/closed-crucible1.webp","width":1000,"height":1000,"caption":"Glass Melting Crucibles"},{"@type":"BreadcrumbList","@id":"https:\/\/sanmingcrucible.com\/es\/producto\/factory-high-quality-clay-crucible-for-melting-glass\/#breadcrumb","itemListElement":[{"@type":"ListItem","position":1,"name":"\u9996\u9875","item":"https:\/\/sanmingcrucible.com\/"},{"@type":"ListItem","position":2,"name":"Products","item":"https:\/\/sanmingcrucible.com\/products-2\/"},{"@type":"ListItem","position":3,"name":"Factory High Quality Clay Crucible For Melting Glass"}]},{"@type":"WebSite","@id":"https:\/\/sanmingcrucible.com\/#website","url":"https:\/\/sanmingcrucible.com\/","name":"Deqing Sanming Crucible Co.,Ltd","description":"","publisher":{"@id":"https:\/\/sanmingcrucible.com\/#organization"},"potentialAction":[{"@type":"SearchAction","target":{"@type":"EntryPoint","urlTemplate":"https:\/\/sanmingcrucible.com\/?s={search_term_string}"},"query-input":{"@type":"PropertyValueSpecification","valueRequired":true,"valueName":"search_term_string"}}],"inLanguage":"vi"},{"@type":"Organization","@id":"https:\/\/sanmingcrucible.com\/#organization","name":"Deqing Sanming Crucible Co.,Ltd","url":"https:\/\/sanmingcrucible.com\/","logo":{"@type":"ImageObject","inLanguage":"vi","@id":"https:\/\/sanmingcrucible.com\/#\/schema\/logo\/image\/","url":"https:\/\/sanmingcrucible.com\/wp-content\/uploads\/2022\/11\/logo.png","contentUrl":"https:\/\/sanmingcrucible.com\/wp-content\/uploads\/2022\/11\/logo.png","width":312,"height":158,"caption":"Deqing Sanming Crucible Co.,Ltd"},"image":{"@id":"https:\/\/sanmingcrucible.com\/#\/schema\/logo\/image\/"}}]}},"_links":{"self":[{"href":"https:\/\/sanmingcrucible.com\/vi\/wp-json\/wp\/v2\/product\/427"}],"collection":[{"href":"https:\/\/sanmingcrucible.com\/vi\/wp-json\/wp\/v2\/product"}],"about":[{"href":"https:\/\/sanmingcrucible.com\/vi\/wp-json\/wp\/v2\/types\/product"}],"version-history":[{"count":0,"href":"https:\/\/sanmingcrucible.com\/vi\/wp-json\/wp\/v2\/product\/427\/revisions"}],"wp:featuredmedia":[{"embeddable":true,"href":"https:\/\/sanmingcrucible.com\/vi\/wp-json\/wp\/v2\/media\/1597"}],"wp:attachment":[{"href":"https:\/\/sanmingcrucible.com\/vi\/wp-json\/wp\/v2\/media?parent=427"}],"wp:term":[{"taxonomy":"product_brand","embeddable":true,"href":"https:\/\/sanmingcrucible.com\/vi\/wp-json\/wp\/v2\/product_brand?post=427"},{"taxonomy":"product_cat","embeddable":true,"href":"https:\/\/sanmingcrucible.com\/vi\/wp-json\/wp\/v2\/product_cat?post=427"},{"taxonomy":"product_tag","embeddable":true,"href":"https:\/\/sanmingcrucible.com\/vi\/wp-json\/wp\/v2\/product_tag?post=427"}],"curies":[{"name":"wp","href":"https:\/\/api.w.org\/{rel}","templated":true}]}}